{"id":1111,"date":"2017-01-24T15:17:04","date_gmt":"2017-01-24T15:17:04","guid":{"rendered":"http:\/\/www.nanogetic.com\/?page_id=1111\/"},"modified":"2017-01-25T12:02:57","modified_gmt":"2017-01-25T12:02:57","slug":"terminos-y-condiciones-de-venta","status":"publish","type":"page","link":"https:\/\/nanogetic.com\/es\/terminos-y-condiciones-de-venta\/","title":{"rendered":"T\u00c9RMINOS Y CONDICIONES DE VENTA"},"content":{"rendered":"<p class=\"p3\" style=\"text-align: justify;\"><span class=\"s1\"><b>Uso responsable de los productos<\/b><\/span><\/p>\n<p class=\"p3\" style=\"text-align: justify;\"><span class=\"s1\">Nuestros productos est\u00e1n destinados para su utilizaci\u00f3n con fines de investigaci\u00f3n y cient\u00edficos. La manipulaci\u00f3n debe efectuarse por personal cualificado que act\u00fae en estricto cumplimiento de todas las leyes y regulaciones aplicables vigentes. NanoGetic SL no se responsabiliza de su uso en otros campos de aplicaci\u00f3n. Para aplicaciones no estrictamente de laboratorio, recomendamos quenos consulte en cada caso particular. NanoGetic SL declina toda responsabilidad sin este requisito. Nuestros productos no son considerados un alimento, droga, medicamento, cosm\u00e9tico o, en general, producto de consumo p\u00fablico y, como consecuencia, no podr\u00e1n ser usados como tales.<\/span><\/p>\n<p class=\"p3\" style=\"text-align: justify;\"><span class=\"s1\"><b>Pedidos y Env\u00edos<\/b><\/span><\/p>\n<p class=\"p3\" style=\"text-align: justify;\"><span class=\"s1\">Usted puede hacernos llegar sus pedidos a trav\u00e9s de correo electr\u00f3nico, tel\u00e9fono o bien correo postal, cumplimentando el formulario de \u201cOrden de Compra\u201d que puede descargar de la web. Para gestionar su pedido necesitamos que cumplimente la informaci\u00f3n que NanoGetic SL le solicita en la Orden de Compra. <\/span><\/p>\n<p class=\"p3\" style=\"text-align: justify;\"><span class=\"s1\">Una vez que NanoGetic reciba la Orden de Compra debidamente cumplimentada, se le remitir\u00e1 una oferta con el importe total de la compra. <\/span><\/p>\n<p class=\"p3\" style=\"text-align: justify;\"><span class=\"s1\">Para confirmar la Orden de Compra o Pedido, ser\u00e1 necesaria que nos devuelva la oferta firmada y\/o sellada por email o correo postal.<\/span><\/p>\n<p class=\"p3\" style=\"text-align: justify;\"><span class=\"s1\">No existe un importe m\u00ednimo de pedido, siempre que se trate de productos del cat\u00e1logo. Para cualquier pedido, consulte disponibilidad y confirmaci\u00f3n de plazo de entrega, ya que ciertos productos pueden no estar disponibles en stock. Los pedidos son expedidos desde nuestro almac\u00e9n del Parque Tecnol\u00f3gico Ciencias de la Salud hacia su destinatario. En lo que al transporte se refiere, trabajamos con compa\u00f1\u00edas que nos aseguran fiabilidad en las entregas, que var\u00edan de 1 a 7 d\u00edas dependiendo de la situaci\u00f3n geogr\u00e1fica, siempre que el producto est\u00e9 en stock. Los plazos y fechas de entrega aparecer\u00e1n en la confirmaci\u00f3n de la orden de compra. Todos los plazos y las fechas de entrega son estimaciones no vinculantes salvo que expresamente se indique que son vinculantes en la confirmaci\u00f3n del pedido.<\/span><\/p>\n<p class=\"p3\" style=\"text-align: justify;\"><span class=\"s1\"><b>Precios y Pagos<\/b><\/span><\/p>\n<p class=\"p3\" style=\"text-align: justify;\"><span class=\"s1\">Los precios que figuran en el cat\u00e1logo son en euros y ser\u00e1n aumentados por el IVA vigente y los gastos de env\u00edo. Los gastos de env\u00edo, se detallan a continuaci\u00f3n:<\/span><\/p>\n<p class=\"p4\" style=\"text-align: justify;\"><span class=\"s1\">Espa\u00f1a pen\u00ednsula +10\u20ac<\/span><\/p>\n<p class=\"p4\" style=\"text-align: justify;\"><span class=\"s1\">Islas Baleares+12\u20ac<\/span><\/p>\n<p class=\"p4\" style=\"text-align: justify;\"><span class=\"s1\">Espa\u00f1a (Ceuta, Melilla, islas Canarias) +32\u20ac<\/span><\/p>\n<p class=\"p4\" style=\"text-align: justify;\"><span class=\"s1\">Europa +30\u20ac<\/span><\/p>\n<p class=\"p4\" style=\"text-align: justify;\"><span class=\"s1\">Resto de env\u00edos, consultar<\/span><\/p>\n<p class=\"p4\" style=\"text-align: justify;\"><span class=\"s1\">Los env\u00edos refrigerados llevar\u00e1n un suplemento.<\/span><\/p>\n<p class=\"p3\" style=\"text-align: justify;\"><span class=\"s1\">Los precios est\u00e1n sujetos a revisi\u00f3n, aunque se garantizan los precios de las ofertas escritas al menos 30 d\u00edas.<\/span><\/p>\n<p class=\"p3\" style=\"text-align: justify;\"><span class=\"s1\">En el caso de vol\u00famenes de compra importantes o pedidos programados existe la posibilidad de acordar un descuento, cons\u00faltenos.<\/span><\/p>\n<p class=\"p3\" style=\"text-align: justify;\"><span class=\"s1\">La forma de pago v\u00e1lida para los productos y\/o servicios suministrados por NanoGetic SL es mediante Transferencia Bancaria a la cuenta de NanoGetic SL.<\/span><\/p>\n","protected":false},"excerpt":{"rendered":"<p>Uso responsable de los productos Nuestros productos est\u00e1n destinados para su utilizaci\u00f3n con fines de investigaci\u00f3n y cient\u00edficos. La manipulaci\u00f3n debe efectuarse por personal cualificado que act\u00fae en estricto cumplimiento de todas las leyes y regulaciones aplicables vigentes. NanoGetic SL no se responsabiliza de su uso en otros campos de aplicaci\u00f3n. Para aplicaciones no estrictamente [&hellip;]<\/p>\n","protected":false},"author":1,"featured_media":0,"parent":0,"menu_order":0,"comment_status":"closed","ping_status":"closed","template":"","meta":[],"_links":{"self":[{"href":"https:\/\/nanogetic.com\/es\/wp-json\/wp\/v2\/pages\/1111"}],"collection":[{"href":"https:\/\/nanogetic.com\/es\/wp-json\/wp\/v2\/pages"}],"about":[{"href":"https:\/\/nanogetic.com\/es\/wp-json\/wp\/v2\/types\/page"}],"author":[{"embeddable":true,"href":"https:\/\/nanogetic.com\/es\/wp-json\/wp\/v2\/users\/1"}],"replies":[{"embeddable":true,"href":"https:\/\/nanogetic.com\/es\/wp-json\/wp\/v2\/comments?post=1111"}],"version-history":[{"count":4,"href":"https:\/\/nanogetic.com\/es\/wp-json\/wp\/v2\/pages\/1111\/revisions"}],"predecessor-version":[{"id":1179,"href":"https:\/\/nanogetic.com\/es\/wp-json\/wp\/v2\/pages\/1111\/revisions\/1179"}],"wp:attachment":[{"href":"https:\/\/nanogetic.com\/es\/wp-json\/wp\/v2\/media?parent=1111"}],"curies":[{"name":"wp","href":"https:\/\/api.w.org\/{rel}","templated":true}]}}