{"id":1114,"date":"2017-01-24T15:37:16","date_gmt":"2017-01-24T15:37:16","guid":{"rendered":"http:\/\/www.nanogetic.com\/?page_id=1114\/"},"modified":"2017-01-24T15:42:40","modified_gmt":"2017-01-24T15:42:40","slug":"politica-de-privacidad","status":"publish","type":"page","link":"https:\/\/nanogetic.com\/es\/politica-de-privacidad\/","title":{"rendered":"POL\u00cdTICA DE PRIVACIDAD"},"content":{"rendered":"<p class=\"p3\" style=\"text-align: justify;\"><span class=\"s1\">De acuerdo con lo dispuesto por la Ley Org\u00e1nica 15\/1999, de Protecci\u00f3n de Datos de Car\u00e1cter Personal el usuario acepta que los datos personales aportados en el momento de su registro, o cualquier otro dato facilitado a\u00a0NanoGetic SL, para su acceso a algunos de los servicios del web site sean incorporados a ficheros titularidad de esta empresa, con la finalidad de facilitar la prestaci\u00f3n de los servicios solicitados, para la correcta identificaci\u00f3n de los usuarios que solicitan servicios personalizados, para la realizaci\u00f3n de estudios estad\u00edsticos de los usuarios registrados que permitan dise\u00f1ar mejoras en los servicios prestados, para la gesti\u00f3n de tareas b\u00e1sicas de administraci\u00f3n, as\u00ed como para mantenerle informado, bien por correo electr\u00f3nico bien por cualquier otro medio, de novedades, productos y servicios relacionados con\u00a0NanoGetic SL, o con terceras empresas colaboradoras.<\/span><\/p>\n<p class=\"p3\" style=\"text-align: justify;\"><span class=\"s1\">En el caso de comunicaciones comerciales a trav\u00e9s de correo electr\u00f3nico o medio equivalente, el usuario otorga su consentimiento expreso para el env\u00edo de publicidad a trav\u00e9s de dicho medio.<\/span><\/p>\n<p style=\"text-align: justify;\">NanoGetic SL\u00a0se compromete al cumplimiento de su obligaci\u00f3n de privacidad de los datos de car\u00e1cter personal y de su deber de tratarlos con confidencialidad, y asume, a estos efectos, las medidas de \u00edndole t\u00e9cnica, organizativa y de seguridad necesarias para evitar su alteraci\u00f3n, p\u00e9rdida, \u00a0tratamiento o acceso no autorizado, de acuerdo con lo establecido en la Ley.<\/p>\n<p class=\"p3\" style=\"text-align: justify;\"><span class=\"s1\"><br \/>\nEl usuario responder\u00e1, en cualquier caso, de la veracidad de los datos facilitados, reserv\u00e1ndose\u00a0\u00a0NanoGetic SL, el derecho a excluir de los servicios registrados a todo usuario que haya facilitado datos falsos, sin perjuicio de las dem\u00e1s acciones que procedan en Derecho.<\/span><\/p>\n<p style=\"text-align: justify;\">Nuestra p\u00e1gina web incluye enlaces a cuentas de correo electr\u00f3nico y formularios que usted puede utilizar para contactar con nuestra empresa. Su utilizaci\u00f3n supone que nos otorga su consentimiento expreso para que\u00a0NanoGetic SL, trate sus datos personales con la finalidad de posibilitar la plena prestaci\u00f3n de los servicios objeto de la actividad de\u00a0NanoGetic SL,\u00a0 y gestionar las solicitudes que nos pudiera realizar, gestionarle como cliente o atender su solicitud de informaci\u00f3n.<\/p>\n<p class=\"p3\" style=\"text-align: justify;\"><span class=\"s1\">NanoGetic SL \u00a0no utilizar\u00e1 sus datos personales con finalidades incompatibles a las que figuran en esta cl\u00e1usula o quedan descritas al pie de cada formulario presente en nuestra p\u00e1gina web. Cualquier usuario puede en cualquier momento ejercer el derecho a acceder, rectificar y, en su caso, cancelar sus datos de car\u00e1cter personal suministrados, mediante carta enviada a la direcci\u00f3n<span class=\"Apple-converted-space\">\u00a0 <\/span>Parque Tecnol\u00f3gico Ciencias de la Salud, Edif. BIC, Avda. Innovaci\u00f3n, n\u00ba 1, 18100 Granada (Spain) debiendo identificarse con fotocopia del DNI.<\/span><\/p>\n<p class=\"p3\" style=\"text-align: l justify ft;\"><span class=\"s1\">NanoGetic SL. 2013. Todos los derechos reservados.\u00a0<\/span><\/p>\n","protected":false},"excerpt":{"rendered":"<p>De acuerdo con lo dispuesto por la Ley Org\u00e1nica 15\/1999, de Protecci\u00f3n de Datos de Car\u00e1cter Personal el usuario acepta que los datos personales aportados en el momento de su registro, o cualquier otro dato facilitado a\u00a0NanoGetic SL, para su acceso a algunos de los servicios del web site sean incorporados a ficheros titularidad de [&hellip;]<\/p>\n","protected":false},"author":1,"featured_media":0,"parent":0,"menu_order":0,"comment_status":"closed","ping_status":"closed","template":"","meta":[],"_links":{"self":[{"href":"https:\/\/nanogetic.com\/es\/wp-json\/wp\/v2\/pages\/1114"}],"collection":[{"href":"https:\/\/nanogetic.com\/es\/wp-json\/wp\/v2\/pages"}],"about":[{"href":"https:\/\/nanogetic.com\/es\/wp-json\/wp\/v2\/types\/page"}],"author":[{"embeddable":true,"href":"https:\/\/nanogetic.com\/es\/wp-json\/wp\/v2\/users\/1"}],"replies":[{"embeddable":true,"href":"https:\/\/nanogetic.com\/es\/wp-json\/wp\/v2\/comments?post=1114"}],"version-history":[{"count":2,"href":"https:\/\/nanogetic.com\/es\/wp-json\/wp\/v2\/pages\/1114\/revisions"}],"predecessor-version":[{"id":1119,"href":"https:\/\/nanogetic.com\/es\/wp-json\/wp\/v2\/pages\/1114\/revisions\/1119"}],"wp:attachment":[{"href":"https:\/\/nanogetic.com\/es\/wp-json\/wp\/v2\/media?parent=1114"}],"curies":[{"name":"wp","href":"https:\/\/api.w.org\/{rel}","templated":true}]}}