{"id":1124,"date":"2017-01-24T15:52:06","date_gmt":"2017-01-24T15:52:06","guid":{"rendered":"http:\/\/www.nanogetic.com\/?page_id=1124\/"},"modified":"2017-12-13T12:16:24","modified_gmt":"2017-12-13T12:16:24","slug":"plataformas-tecnologicas","status":"publish","type":"page","link":"https:\/\/nanogetic.com\/es\/plataformas-tecnologicas\/","title":{"rendered":"PLATAFORMAS TECNOL\u00d3GICAS"},"content":{"rendered":"<p><div id=\"Nanoparticleplatform\" class=\"fusion-fullwidth fullwidth-box nonhundred-percent-fullwidth\"  style='background-color: rgba(255,255,255,0);background-position: center center;background-repeat: no-repeat;padding-top:20px;padding-right:0px;padding-bottom:20px;padding-left:0px;'><div class=\"fusion-builder-row fusion-row \"><div  class=\"fusion-layout-column fusion_builder_column fusion_builder_column_2_3  fusion-two-third fusion-column-first 2_3\"  style='margin-top:0px;margin-bottom:20px;width:66.66%;width:calc(66.66% - ( ( 4% ) * 0.6666 ) );margin-right: 4%;'>\n\t\t\t<div class=\"fusion-column-wrapper\"  style=\"background-position:left top;background-repeat:no-repeat;-webkit-background-size:cover;-moz-background-size:cover;-o-background-size:cover;background-size:cover;\"  data-bg-url=\"\">\n\t\t\t\t<h2 style=\"text-align: center;\"><span style=\"vertical-align: inherit;\"><span style=\"vertical-align: inherit;\"><span style=\"vertical-align: inherit;\"><span style=\"vertical-align: inherit;\">Plataforma de nanopart\u00edculas<\/span><\/span><\/span><\/span><\/h2>\n<p style=\"text-align: justify;\"><span style=\"vertical-align: inherit;\"><span style=\"vertical-align: inherit;\"><span style=\"vertical-align: inherit;\"><span style=\"vertical-align: inherit;\">NanoGetic SL ofrece una gama completa de servicios relacionados con nanopart\u00edculas personalizadas (NP). <\/span><\/span><\/span><span style=\"vertical-align: inherit;\"><span style=\"vertical-align: inherit;\"><span style=\"vertical-align: inherit;\">La empresa fue fundada para explotar el know-how de los fundadores en el campo de la nanotecnolog\u00eda. <\/span><\/span><\/span><span style=\"vertical-align: inherit;\"><span style=\"vertical-align: inherit;\"><span style=\"vertical-align: inherit;\">Ellos han desarrollado una variedad de protocolos para preparar NPs basados ??en poliestireno reticulado incluyendo productos magn\u00e9ticos y marcadores fluorescentes. <\/span><\/span><\/span><span style=\"vertical-align: inherit;\"><span style=\"vertical-align: inherit;\"><span style=\"vertical-align: inherit;\">Estas NPs se conjugan con una gran variedad de cargas biol\u00f3gicas y qu\u00edmicas mediante estrategias bio-ortogonales despu\u00e9s de la s\u00edntesis org\u00e1nica en fase s\u00f3lida.<\/span><\/span><\/span><\/span><\/p>\n<p><span style=\"vertical-align: inherit;\"><span style=\"vertical-align: inherit;\"><span style=\"vertical-align: inherit;\"><span style=\"vertical-align: inherit;\">&#8211; Preparaci\u00f3n de nanopart\u00edculas de poliestireno multifincionalizadas, NPs.<\/span><\/span><\/span><\/span><\/p>\n<p><span style=\"vertical-align: inherit;\"><span style=\"vertical-align: inherit;\"><span style=\"vertical-align: inherit;\"><span style=\"vertical-align: inherit;\">&#8211; Nanopart\u00edculas polim\u00e9ricas monodispersas que se adaptan a sus necesidades:<\/span><\/span><\/span><\/span><\/p>\n<ul>\n<li><span style=\"vertical-align: inherit;\"><span style=\"vertical-align: inherit;\"><span style=\"vertical-align: inherit;\"><span style=\"vertical-align: inherit;\">Tama\u00f1o de part\u00edcula (100nm-10 micras)<\/span><\/span><\/span><\/span><\/li>\n<li><span style=\"vertical-align: inherit;\"><span style=\"vertical-align: inherit;\"><span style=\"vertical-align: inherit;\"><span style=\"vertical-align: inherit;\">Distribuci\u00f3n de part\u00edcula<\/span><\/span><\/span><\/span><\/li>\n<li><span style=\"vertical-align: inherit;\"><span style=\"vertical-align: inherit;\"><span style=\"vertical-align: inherit;\"><span style=\"vertical-align: inherit;\">Modificaci\u00f3n superficial<\/span><\/span><\/span><\/span><\/li>\n<li><span style=\"vertical-align: inherit;\"><span style=\"vertical-align: inherit;\"><span style=\"vertical-align: inherit;\"><span style=\"vertical-align: inherit;\">Capacidad de carga (alta, media o baja)<\/span><\/span><\/span><\/span><\/li>\n<\/ul>\n<p><span style=\"vertical-align: inherit;\"><span style=\"vertical-align: inherit;\"><span style=\"vertical-align: inherit;\"><span style=\"vertical-align: inherit;\">&#8211; Ingenier\u00eda de nanopart\u00edculas (ENPs). <\/span><\/span><\/span><span style=\"vertical-align: inherit;\"><span style=\"vertical-align: inherit;\"><span style=\"vertical-align: inherit;\">Nuestras nanopart\u00edculas le ofrecen:<\/span><\/span><\/span><\/span><\/p>\n<ul>\n<li><span style=\"vertical-align: inherit;\"><span style=\"vertical-align: inherit;\"><span style=\"vertical-align: inherit;\"><span style=\"vertical-align: inherit;\">Dise\u00f1o flexible que permite la uni\u00f3n de diferentes mol\u00e9culas.<\/span><\/span><\/span><\/span><\/li>\n<li><span style=\"vertical-align: inherit;\"><span style=\"vertical-align: inherit;\"><span style=\"vertical-align: inherit;\"><span style=\"vertical-align: inherit;\">Mono, bi-trifuncionalizadas con f\u00e1macos, marcadores para detecci\u00f3n por t\u00e9cnicas de imagen, prote\u00ednas de anticuerpos espec\u00edficos, \u00e1cidos nucleicos y otros agentes.<\/span><\/span><\/span><\/span><\/li>\n<li><span style=\"vertical-align: inherit;\"><span style=\"vertical-align: inherit;\"><span style=\"vertical-align: inherit;\"><span style=\"vertical-align: inherit;\">Qu\u00edmica superficial para una amplia gama de enlaces estables con mol\u00e9culas activas.<\/span><\/span><\/span><\/span><\/li>\n<\/ul>\n<p><span style=\"vertical-align: inherit;\"><span style=\"vertical-align: inherit;\"><span style=\"vertical-align: inherit;\"><span style=\"vertical-align: inherit;\">-Servicios de Escalado de producci\u00f3n de nanopart\u00edculas. <\/span><\/span><\/span><span style=\"vertical-align: inherit;\"><span style=\"vertical-align: inherit;\"><span style=\"vertical-align: inherit;\">NanoGetic tiene experiencia en el escalado de procesos de s\u00edntesis de nanopart\u00edculas desde nivel de laboratorio hasta una escala piloto segura y rentable bajo GMP.<\/span><\/span><\/span><\/span><\/p>\n<p><span style=\"vertical-align: inherit;\"><span style=\"vertical-align: inherit;\"><span style=\"vertical-align: inherit;\"><span style=\"vertical-align: inherit;\">&#8211; Servicios de Control de Calidad de nanopart\u00edculas: <\/span><\/span><\/span><\/span><br \/>\n<span style=\"vertical-align: inherit;\"><span style=\"vertical-align: inherit;\"><span style=\"vertical-align: inherit;\"><span style=\"vertical-align: inherit;\">&#8211;\u00a0 <\/span><\/span><\/span><\/span><span style=\"vertical-align: inherit;\"><span style=\"vertical-align: inherit;\"><span style=\"vertical-align: inherit;\"><span style=\"vertical-align: inherit;\">Caracterizaci\u00f3n In Vitro:<\/span><\/span><\/span><\/span><\/p>\n<ul>\n<li><span style=\"vertical-align: inherit;\"><span style=\"vertical-align: inherit;\"><span style=\"vertical-align: inherit;\"><span style=\"vertical-align: inherit;\">Caracterizaci\u00f3n fisico-qu\u00edmica: Tama\u00f1o, distribuci\u00f3n de tama\u00f1o, Potencial zeta, pH de las suspensiones, carga de sustancia activa, Liberaci\u00f3n de sustancia activa en medios simples o complejos.<\/span><\/span><\/span><\/span><\/li>\n<li><span style=\"vertical-align: inherit;\"><span style=\"vertical-align: inherit;\"><span style=\"vertical-align: inherit;\"><span style=\"vertical-align: inherit;\">Estabilidad en medios biol\u00f3gicos<\/span><\/span><\/span><\/span><\/li>\n<li><span style=\"vertical-align: inherit;\"><span style=\"vertical-align: inherit;\"><span style=\"vertical-align: inherit;\"><span style=\"vertical-align: inherit;\">Contaminaci\u00f3n microbiol\u00f3gica<\/span><\/span><\/span><\/span><\/li>\n<li><span style=\"vertical-align: inherit;\"><span style=\"vertical-align: inherit;\"><span style=\"vertical-align: inherit;\"><span style=\"vertical-align: inherit;\">Cuantificaci\u00f3n de endotoxina<\/span><\/span><\/span><\/span><\/li>\n<li><span style=\"vertical-align: inherit;\"><span style=\"vertical-align: inherit;\"><span style=\"vertical-align: inherit;\"><span style=\"vertical-align: inherit;\">Detecci\u00f3n de micoplasma<\/span><\/span><\/span><\/span><\/li>\n<li><span style=\"vertical-align: inherit;\"><span style=\"vertical-align: inherit;\"><span style=\"vertical-align: inherit;\"><span style=\"vertical-align: inherit;\">Citotoxicidad<\/span><\/span><\/span><\/span><\/li>\n<li><span style=\"vertical-align: inherit;\"><span style=\"vertical-align: inherit;\"><span style=\"vertical-align: inherit;\"><span style=\"vertical-align: inherit;\">Inmunotoxicidad<\/span><\/span><\/span><\/span><\/li>\n<li><span style=\"vertical-align: inherit;\"><span style=\"vertical-align: inherit;\"><span style=\"vertical-align: inherit;\"><span style=\"vertical-align: inherit;\">Hemocompatibilidad<\/span><\/span><\/span><\/span><\/li>\n<\/ul>\n<p><span style=\"vertical-align: inherit;\"><span style=\"vertical-align: inherit;\"><span style=\"vertical-align: inherit;\"><span style=\"vertical-align: inherit;\">-Caracterizaci\u00f3n In Vivo: Estudios de toxicidad y farmacocin\u00e9tica. <\/span><\/span><\/span><span style=\"vertical-align: inherit;\"><span style=\"vertical-align: inherit;\"><span style=\"vertical-align: inherit;\">Servicio personalizado. <\/span><\/span><\/span><span style=\"vertical-align: inherit;\"><span style=\"vertical-align: inherit;\"><span style=\"vertical-align: inherit;\">Dise\u00f1o de los ensayos de la aplicaci\u00f3n del nanomaterial.<\/span><\/span><\/span><\/span><\/p>\n<p><span style=\"vertical-align: inherit;\"><span style=\"vertical-align: inherit;\"><span style=\"vertical-align: inherit;\"><span style=\"vertical-align: inherit;\">&#8211; Aplicaciones:<\/span><\/span><\/span><\/span><\/p>\n<ul>\n<li><span style=\"vertical-align: inherit;\"><span style=\"vertical-align: inherit;\"><span style=\"vertical-align: inherit;\"><span style=\"vertical-align: inherit;\">Liberaci\u00f3n dirigida de f\u00e1rmacos<\/span><\/span><\/span><\/span><\/li>\n<li><span style=\"vertical-align: inherit;\"><span style=\"vertical-align: inherit;\"><span style=\"vertical-align: inherit;\"><span style=\"vertical-align: inherit;\">Medicina personalizada<\/span><\/span><\/span><\/span><\/li>\n<li><span style=\"vertical-align: inherit;\"><span style=\"vertical-align: inherit;\"><span style=\"vertical-align: inherit;\"><span style=\"vertical-align: inherit;\">Diagn\u00f3stico<\/span><\/span><\/span><\/span><\/li>\n<li><span style=\"vertical-align: inherit;\"><span style=\"vertical-align: inherit;\"><span style=\"vertical-align: inherit;\"><span style=\"vertical-align: inherit;\">Investigaci\u00f3n b\u00e1sica<\/span><\/span><\/span><\/span><\/li>\n<li><span style=\"vertical-align: inherit;\"><span style=\"vertical-align: inherit;\"><span style=\"vertical-align: inherit;\"><span style=\"vertical-align: inherit;\">Materiales inteligentes<\/span><\/span><\/span><\/span><\/li>\n<li><span style=\"vertical-align: inherit;\"><span style=\"vertical-align: inherit;\"><span style=\"vertical-align: inherit;\"><span style=\"vertical-align: inherit;\">Otras investigaciones y aplicaciones industriales<\/span><\/span><\/span><\/span><\/li>\n<\/ul>\n<div class=\"fusion-clearfix\"><\/div>\n\t\t\t<\/div>\n\t\t<\/div><div  class=\"fusion-layout-column fusion_builder_column fusion_builder_column_1_3  fusion-one-third fusion-column-last 1_3\"  style='margin-top:0px;margin-bottom:20px;width:33.33%;width:calc(33.33% - ( ( 4% ) * 0.3333 ) );'>\n\t\t\t<div class=\"fusion-column-wrapper\"  style=\"background-position:left top;background-repeat:no-repeat;-webkit-background-size:cover;-moz-background-size:cover;-o-background-size:cover;background-size:cover;\"  data-bg-url=\"\">\n\t\t\t\t<span class=\"fusion-imageframe imageframe-none imageframe-1 hover-type-zoomin fusion-no-small-visibility\"><a href=\"http:\/\/www.nanogetic.com\/wp-content\/uploads\/2016\/12\/Tailoring-Nanoparticles-909x1024.jpg\" class=\"fusion-lightbox\" data-rel=\"iLightbox[0b6b15c8ccee52ce730]\"><img loading=\"lazy\" src=\"http:\/\/www.nanogetic.com\/wp-content\/uploads\/2016\/12\/Tailoring-Nanoparticles-909x1024.jpg\" width=\"\" height=\"\" alt=\"\" class=\"img-responsive\"\/><\/a><\/span><div class=\"fusion-clearfix\"><\/div>\n\t\t\t<\/div>\n\t\t<\/div><\/div><\/div><div id=\"Camelidsingledomainantibodyplatform\" class=\"fusion-fullwidth fullwidth-box nonhundred-percent-fullwidth\"  style='background-color: rgba(255,255,255,0);background-position: center center;background-repeat: no-repeat;padding-top:20px;padding-right:0px;padding-bottom:20px;padding-left:0px;'><div class=\"fusion-builder-row fusion-row \"><div  class=\"fusion-layout-column fusion_builder_column fusion_builder_column_2_3  fusion-two-third fusion-column-first 2_3\"  style='margin-top:0px;margin-bottom:20px;width:66.66%;width:calc(66.66% - ( ( 4% ) * 0.6666 ) );margin-right: 4%;'>\n\t\t\t<div class=\"fusion-column-wrapper\"  style=\"background-position:left top;background-repeat:no-repeat;-webkit-background-size:cover;-moz-background-size:cover;-o-background-size:cover;background-size:cover;\"  data-bg-url=\"\">\n\t\t\t\t<h2 style=\"text-align: center;\">Plataforma de anticuerpos\u00a0 de dominio simple de cam\u00e9lidos<\/h2>\n<p style=\"text-align: justify;\">Los cam\u00e9lidos producen una fracci\u00f3n de un isotipo de inmunoglobulina tipo G \u00fanico que est\u00e1 naturalmente desprovisto de las cadenas ligeras, denominadas anticuerpos de cadena pesada (HcAb). Los dominios variables (VHH) de estos HcAbs se pueden obtener a trav\u00e9s de la tecnolog\u00eda g\u00e9nica recombinante, como sdAbs. Estos sdAb recombinantes son el fragmento de uni\u00f3n a ant\u00edgeno intacto disponible m\u00e1s peque\u00f1o (12-15 kDa) que alberga la capacidad completa de reconocimiento de ant\u00edgenos. Sus propiedades fisicoqu\u00edmicas excepcionales, su posibilidad de humanizaci\u00f3n y sus propiedades \u00fanicas de reconocimiento de ant\u00edgenos los convierten en excelentes candidatos para el suministro dirigido de componentes biol\u00f3gicamente activos.<\/p>\n<p>NanoGetic S.L. tiene experiencia en la realizaci\u00f3n de:<\/p>\n<p>&#8211; Bibliotecas inmunes. Se construyen estas bibliotecas en un pl\u00e1smido de presentaci\u00f3n de fagos de propiedad para seleccionar finalmente fragmentos de VHH espec\u00edficos de ant\u00edgeno (sdAbs).<\/p>\n<p>&#8211; Bibliotecas no inmunes (ingenuas) para seleccionar naturalmente sdAbs espec\u00edficos.<\/p>\n<p>&#8211; Humanizaci\u00f3n de los sdAbs manteniendo sus propiedades y especificidad.<\/p>\n<p>&#8211; Acoplamiento de sdAbs a nanodispositivos.<\/p>\n<div class=\"fusion-clearfix\"><\/div>\n\t\t\t<\/div>\n\t\t<\/div><div  class=\"fusion-layout-column fusion_builder_column fusion_builder_column_1_3  fusion-one-third fusion-column-last 1_3\"  style='margin-top:0px;margin-bottom:20px;width:33.33%;width:calc(33.33% - ( ( 4% ) * 0.3333 ) );'>\n\t\t\t<div class=\"fusion-column-wrapper\"  style=\"background-position:left top;background-repeat:no-repeat;-webkit-background-size:cover;-moz-background-size:cover;-o-background-size:cover;background-size:cover;\"  data-bg-url=\"\">\n\t\t\t\t<span style=\"border:1px solid #f6f6f6;-moz-box-shadow: 0 0 3px rgba(0,0,0,.3);-webkit-box-shadow: 0 0 3px rgba(0,0,0,.3);box-shadow: 0 0 3px rgba(0,0,0,.3);\" class=\"fusion-imageframe imageframe-glow imageframe-2 hover-type-zoomin\"><a href=\"http:\/\/www.nanogetic.com\/wp-content\/uploads\/2016\/12\/Conventional-vs-heavy-chain-Ab-1.jpg\" class=\"fusion-lightbox\" data-rel=\"iLightbox[fb02d4264256f87007d]\"><img loading=\"lazy\" src=\"http:\/\/www.nanogetic.com\/wp-content\/uploads\/2016\/12\/Conventional-vs-heavy-chain-AbPORTADA.jpg\" width=\"\" height=\"\" alt=\"\" class=\"img-responsive\"\/><\/a><\/span><div class=\"fusion-sep-clear\"><\/div><div class=\"fusion-separator fusion-full-width-sep sep-none\" style=\"margin-left: auto;margin-right: auto;margin-top:5px;margin-bottom:5px;\"><\/div><span style=\"border:1px solid #f6f6f6;-moz-box-shadow: 0 0 3px rgba(0,0,0,.3);-webkit-box-shadow: 0 0 3px rgba(0,0,0,.3);box-shadow: 0 0 3px rgba(0,0,0,.3);\" class=\"fusion-imageframe imageframe-glow imageframe-3 hover-type-zoomin\"><a href=\"http:\/\/www.nanogetic.com\/wp-content\/uploads\/2016\/12\/sdAb-library-generation-719x1024.jpg\" class=\"fusion-lightbox\" data-rel=\"iLightbox[939d3fc73610f5b1b9d]\"><img loading=\"lazy\" src=\"http:\/\/www.nanogetic.com\/wp-content\/uploads\/2016\/12\/foto_technical_sdAb1-PORTADA.jpg\" width=\"\" height=\"\" alt=\"\" class=\"img-responsive\"\/><\/a><\/span><div class=\"fusion-sep-clear\"><\/div><div class=\"fusion-separator fusion-full-width-sep sep-none\" style=\"margin-left: auto;margin-right: auto;margin-top:5px;margin-bottom:5px;\"><\/div><span style=\"border:1px solid #f6f6f6;-moz-box-shadow: 0 0 3px rgba(0,0,0,.3);-webkit-box-shadow: 0 0 3px rgba(0,0,0,.3);box-shadow: 0 0 3px rgba(0,0,0,.3);\" class=\"fusion-imageframe imageframe-glow imageframe-4 hover-type-zoomin\"><a href=\"http:\/\/www.nanogetic.com\/wp-content\/uploads\/2016\/12\/Tailoring-sdAbs-by-genetic-engineering.jpg\" class=\"fusion-lightbox\" data-rel=\"iLightbox[5c5f063ace3717efcd6]\"><img loading=\"lazy\" src=\"http:\/\/www.nanogetic.com\/wp-content\/uploads\/2016\/12\/Tailoring-sdAbs-by-genetic-engineeringPORTADA.jpg\" width=\"\" height=\"\" alt=\"\" class=\"img-responsive\"\/><\/a><\/span><div class=\"fusion-clearfix\"><\/div>\n\t\t\t<\/div>\n\t\t<\/div><\/div><\/div><div  class=\"fusion-fullwidth fullwidth-box nonhundred-percent-fullwidth\"  style='background-color: rgba(255,255,255,0);background-position: center center;background-repeat: no-repeat;padding-top:20px;padding-right:0px;padding-bottom:20px;padding-left:0px;'><div class=\"fusion-builder-row fusion-row \"><div id=\"Custompeptidesandpeptidomimeticssynthesisplatform\" class=\"fusion-layout-column fusion_builder_column fusion_builder_column_1_1  fusion-one-full fusion-column-first fusion-column-last 1_1\"  style='margin-top:0px;margin-bottom:20px;'>\n\t\t\t<div class=\"fusion-column-wrapper\"  style=\"background-position:left top;background-repeat:no-repeat;-webkit-background-size:cover;-moz-background-size:cover;-o-background-size:cover;background-size:cover;\"  data-bg-url=\"\">\n\t\t\t\t<h2 style=\"text-align: center;\">Plataforma de s\u00edntesis de p\u00e9ptidos personalizados y peptidomim\u00e9ticos<\/h2>\n<p style=\"text-align: justify;\">NanoGetic SL utiliza la qu\u00edmica de fase s\u00f3lida basada en Fmoc para sintetizar p\u00e9ptidos y peptidomim\u00e9ticos personalizados tales como peptoides. NanoGetic S.L. ya ha preparado bibliotecas de p\u00e9ptidos dirigidos a la mitocondria y <i>homing<\/i> <i>peptide<\/i> para proyectos de I+D.<\/p>\n<div class=\"fusion-clearfix\"><\/div>\n\t\t\t<\/div>\n\t\t<\/div><\/div><\/div><\/p>\n","protected":false},"excerpt":{"rendered":"","protected":false},"author":1,"featured_media":0,"parent":0,"menu_order":0,"comment_status":"closed","ping_status":"closed","template":"","meta":[],"_links":{"self":[{"href":"https:\/\/nanogetic.com\/es\/wp-json\/wp\/v2\/pages\/1124"}],"collection":[{"href":"https:\/\/nanogetic.com\/es\/wp-json\/wp\/v2\/pages"}],"about":[{"href":"https:\/\/nanogetic.com\/es\/wp-json\/wp\/v2\/types\/page"}],"author":[{"embeddable":true,"href":"https:\/\/nanogetic.com\/es\/wp-json\/wp\/v2\/users\/1"}],"replies":[{"embeddable":true,"href":"https:\/\/nanogetic.com\/es\/wp-json\/wp\/v2\/comments?post=1124"}],"version-history":[{"count":13,"href":"https:\/\/nanogetic.com\/es\/wp-json\/wp\/v2\/pages\/1124\/revisions"}],"predecessor-version":[{"id":1254,"href":"https:\/\/nanogetic.com\/es\/wp-json\/wp\/v2\/pages\/1124\/revisions\/1254"}],"wp:attachment":[{"href":"https:\/\/nanogetic.com\/es\/wp-json\/wp\/v2\/media?parent=1124"}],"curies":[{"name":"wp","href":"https:\/\/api.w.org\/{rel}","templated":true}]}}