{"id":1149,"date":"2017-01-25T09:28:22","date_gmt":"2017-01-25T09:28:22","guid":{"rendered":"http:\/\/www.nanogetic.com\/?page_id=1149\/"},"modified":"2021-10-22T17:36:19","modified_gmt":"2021-10-22T17:36:19","slug":"proyectos-y-colaboradores","status":"publish","type":"page","link":"https:\/\/nanogetic.com\/es\/proyectos-y-colaboradores\/","title":{"rendered":"PROYECTOS Y COLABORADORES"},"content":{"rendered":"<p><div  class=\"fusion-fullwidth fullwidth-box hundred-percent-fullwidth\"  style='background-color: rgba(255,255,255,0);background-position: center center;background-repeat: no-repeat;padding-top:20px;padding-right:0px;padding-bottom:20px;padding-left:0px;'><div class=\"fusion-builder-row fusion-row \"><div  class=\"fusion-layout-column fusion_builder_column fusion_builder_column_1_1  fusion-one-full fusion-column-first fusion-column-last 1_1\"  style='margin-top:0px;margin-bottom:20px;'>\n\t\t\t<div class=\"fusion-column-wrapper\"  style=\"background-position:left top;background-repeat:no-repeat;-webkit-background-size:cover;-moz-background-size:cover;-o-background-size:cover;background-size:cover;\"  data-bg-url=\"\">\n\t\t\t\t<div class=\"fusion-title title fusion-sep-none fusion-title-center fusion-title-size-three\" style=\"margin-top:0px;margin-bottom:31px;\"><h3 class=\"title-heading-center\"><h1 style=\"text-align: center;\">INVERSORES<\/h1><\/h3><\/div><div class=\"fusion-clearfix\"><\/div>\n\t\t\t<\/div>\n\t\t<\/div><\/div><\/div><div  class=\"fusion-fullwidth fullwidth-box nonhundred-percent-fullwidth\"  style='background-color: rgba(255,255,255,0);background-position: center center;background-repeat: no-repeat;padding-top:20px;padding-right:0px;padding-bottom:20px;padding-left:0px;'><div class=\"fusion-builder-row fusion-row \"><div  class=\"fusion-layout-column fusion_builder_column fusion_builder_column_2_3  fusion-two-third fusion-column-first 2_3\"  style='margin-top:0px;margin-bottom:20px;width:66.66%;width:calc(66.66% - ( ( 4% ) * 0.6666 ) );margin-right: 4%;'>\n\t\t\t<div class=\"fusion-column-wrapper\"  style=\"padding: 0px 120px 0px 120px;background-position:left top;background-repeat:no-repeat;-webkit-background-size:cover;-moz-background-size:cover;-o-background-size:cover;background-size:cover;\"  data-bg-url=\"\">\n\t\t\t\t<p style=\"text-align: justify;\">Ministerio de Econom\u00eda y Competitividad. Secretar\u00eda de Estado y de Investigaci\u00f3n, Desarrollo e Innovaci\u00f3n. Ayudas para contratos Torres Quevedo (TQV). ID: PTQ-13-06046.<\/p>\n<div class=\"fusion-clearfix\"><\/div>\n\t\t\t<\/div>\n\t\t<\/div><div  class=\"fusion-layout-column fusion_builder_column fusion_builder_column_1_3  fusion-one-third fusion-column-last 1_3\"  style='margin-top:0px;margin-bottom:20px;width:33.33%;width:calc(33.33% - ( ( 4% ) * 0.3333 ) );'>\n\t\t\t<div class=\"fusion-column-wrapper\"  style=\"background-position:left top;background-repeat:no-repeat;-webkit-background-size:cover;-moz-background-size:cover;-o-background-size:cover;background-size:cover;\"  data-bg-url=\"\">\n\t\t\t\t<span class=\"fusion-imageframe imageframe-none imageframe-1 hover-type-none\"><img loading=\"lazy\" src=\"http:\/\/www.nanogetic.com\/wp-content\/uploads\/2016\/12\/icono123-1.jpg\" width=\"\" height=\"\" alt=\"\" title=\"\" class=\"img-responsive\"\/><\/span><div class=\"fusion-clearfix\"><\/div>\n\t\t\t<\/div>\n\t\t<\/div><\/div><\/div><div  class=\"fusion-fullwidth fullwidth-box nonhundred-percent-fullwidth\"  style='background-color: rgba(255,255,255,0);background-position: center center;background-repeat: no-repeat;padding-top:20px;padding-right:0px;padding-bottom:20px;padding-left:0px;'><div class=\"fusion-builder-row fusion-row \"><div  class=\"fusion-layout-column fusion_builder_column fusion_builder_column_1_1  fusion-one-full fusion-column-first fusion-column-last 1_1\"  style='margin-top:0px;margin-bottom:20px;'>\n\t\t\t<div class=\"fusion-column-wrapper\"  style=\"background-position:left top;background-repeat:no-repeat;-webkit-background-size:cover;-moz-background-size:cover;-o-background-size:cover;background-size:cover;\"  data-bg-url=\"\">\n\t\t\t\t<div class=\"fusion-sep-clear\"><\/div><div class=\"fusion-separator fusion-full-width-sep sep-single sep-solid\" style=\"border-color:#e0dede;border-top-width:1px;margin-left: auto;margin-right: auto;margin-top:;\"><\/div><div class=\"fusion-clearfix\"><\/div>\n\t\t\t<\/div>\n\t\t<\/div><\/div><\/div><div  class=\"fusion-fullwidth fullwidth-box nonhundred-percent-fullwidth\"  style='background-color: rgba(255,255,255,0);background-position: center center;background-repeat: no-repeat;padding-top:20px;padding-right:0px;padding-bottom:20px;padding-left:0px;'><div class=\"fusion-builder-row fusion-row \"><div  class=\"fusion-layout-column fusion_builder_column fusion_builder_column_2_3  fusion-two-third fusion-column-first 2_3\"  style='margin-top:0px;margin-bottom:20px;width:66.66%;width:calc(66.66% - ( ( 4% ) * 0.6666 ) );margin-right: 4%;'>\n\t\t\t<div class=\"fusion-column-wrapper\"  style=\"padding: 0px 120px 0px 120px;background-position:left top;background-repeat:no-repeat;-webkit-background-size:cover;-moz-background-size:cover;-o-background-size:cover;background-size:cover;\"  data-bg-url=\"\">\n\t\t\t\t<p style=\"text-align: justify;\">Convocatoria 1\/2014 de ayudas del programa \u00abPromoci\u00f3n de Implantaci\u00f3n de empresas extranjeras\u00bb. ID: 1\/2014-077<\/p>\n<div class=\"fusion-clearfix\"><\/div>\n\t\t\t<\/div>\n\t\t<\/div><div  class=\"fusion-layout-column fusion_builder_column fusion_builder_column_1_3  fusion-one-third fusion-column-last 1_3\"  style='margin-top:0px;margin-bottom:20px;width:33.33%;width:calc(33.33% - ( ( 4% ) * 0.3333 ) );'>\n\t\t\t<div class=\"fusion-column-wrapper\"  style=\"background-position:left top;background-repeat:no-repeat;-webkit-background-size:cover;-moz-background-size:cover;-o-background-size:cover;background-size:cover;\"  data-bg-url=\"\">\n\t\t\t\t<span class=\"fusion-imageframe imageframe-none imageframe-2 hover-type-none\"><img loading=\"lazy\" src=\"http:\/\/www.nanogetic.com\/wp-content\/uploads\/2016\/12\/icono1.jpg\" width=\"\" height=\"\" alt=\"\" title=\"\" class=\"img-responsive\"\/><\/span><div class=\"fusion-clearfix\"><\/div>\n\t\t\t<\/div>\n\t\t<\/div><\/div><\/div><div  class=\"fusion-fullwidth fullwidth-box nonhundred-percent-fullwidth\"  style='background-color: rgba(255,255,255,0);background-position: center center;background-repeat: no-repeat;padding-top:20px;padding-right:0px;padding-bottom:20px;padding-left:0px;'><div class=\"fusion-builder-row fusion-row \"><div  class=\"fusion-layout-column fusion_builder_column fusion_builder_column_1_1  fusion-one-full fusion-column-first fusion-column-last 1_1\"  style='margin-top:0px;margin-bottom:20px;'>\n\t\t\t<div class=\"fusion-column-wrapper\"  style=\"background-position:left top;background-repeat:no-repeat;-webkit-background-size:cover;-moz-background-size:cover;-o-background-size:cover;background-size:cover;\"  data-bg-url=\"\">\n\t\t\t\t<div class=\"fusion-sep-clear\"><\/div><div class=\"fusion-separator fusion-full-width-sep sep-single sep-solid\" style=\"border-color:#e0dede;border-top-width:1px;margin-left: auto;margin-right: auto;margin-top:;\"><\/div><div class=\"fusion-clearfix\"><\/div>\n\t\t\t<\/div>\n\t\t<\/div><\/div><\/div><div  class=\"fusion-fullwidth fullwidth-box nonhundred-percent-fullwidth\"  style='background-color: rgba(255,255,255,0);background-position: center center;background-repeat: no-repeat;padding-top:20px;padding-right:0px;padding-bottom:20px;padding-left:0px;'><div class=\"fusion-builder-row fusion-row \"><div  class=\"fusion-layout-column fusion_builder_column fusion_builder_column_2_3  fusion-two-third fusion-column-first 2_3\"  style='margin-top:0px;margin-bottom:20px;width:66.66%;width:calc(66.66% - ( ( 4% ) * 0.6666 ) );margin-right: 4%;'>\n\t\t\t<div class=\"fusion-column-wrapper\"  style=\"padding: 0px 120px 0px 120px;background-position:left top;background-repeat:no-repeat;-webkit-background-size:cover;-moz-background-size:cover;-o-background-size:cover;background-size:cover;\"  data-bg-url=\"\">\n\t\t\t\t<p style=\"text-align: justify;\">Convocatoria 2016 de ayudas del \u201cPrograma de Inversiones de empresas extranjeras en actividades de I+D\u201d. ID: 2016\/9048<\/p>\n<div class=\"fusion-clearfix\"><\/div>\n\t\t\t<\/div>\n\t\t<\/div><div  class=\"fusion-layout-column fusion_builder_column fusion_builder_column_1_3  fusion-one-third fusion-column-last 1_3\"  style='margin-top:0px;margin-bottom:20px;width:33.33%;width:calc(33.33% - ( ( 4% ) * 0.3333 ) );'>\n\t\t\t<div class=\"fusion-column-wrapper\"  style=\"background-position:left top;background-repeat:no-repeat;-webkit-background-size:cover;-moz-background-size:cover;-o-background-size:cover;background-size:cover;\"  data-bg-url=\"\">\n\t\t\t\t<span class=\"fusion-imageframe imageframe-none imageframe-3 hover-type-none\"><img loading=\"lazy\" src=\"http:\/\/www.nanogetic.com\/wp-content\/uploads\/2016\/12\/icono2.jpg\" width=\"\" height=\"\" alt=\"\" title=\"\" class=\"img-responsive\"\/><\/span><div class=\"fusion-clearfix\"><\/div>\n\t\t\t<\/div>\n\t\t<\/div><\/div><\/div><div  class=\"fusion-fullwidth fullwidth-box hundred-percent-fullwidth\"  style='background-color: rgba(255,255,255,0);background-position: center center;background-repeat: no-repeat;padding-top:20px;padding-right:0px;padding-bottom:20px;padding-left:0px;'><div class=\"fusion-builder-row fusion-row \"><div  class=\"fusion-layout-column fusion_builder_column fusion_builder_column_1_1  fusion-one-full fusion-column-first fusion-column-last 1_1\"  style='margin-top:0px;margin-bottom:20px;'>\n\t\t\t<div class=\"fusion-column-wrapper\"  style=\"background-position:left top;background-repeat:no-repeat;-webkit-background-size:cover;-moz-background-size:cover;-o-background-size:cover;background-size:cover;\"  data-bg-url=\"\">\n\t\t\t\t<div class=\"fusion-title title fusion-sep-none fusion-title-center fusion-title-size-three\" style=\"margin-top:0px;margin-bottom:31px;\"><h3 class=\"title-heading-center\"><h1 style=\"text-align: center;\">SOCIOS<\/h1>\n<div class=\"column one column_fancy_heading\"><\/div>\n<div class=\"column one column_column\"><\/div><\/h3><\/div><div class=\"column one column_column\">\n<h3 align=\"center\"><strong>Socios Comerciales<\/strong><\/h3>\n<\/div>\n<div class=\"column one-fourth column_column\"><\/div>\n<div class=\"column one-fourth column_article_box\"><\/div>\n<div class=\"fusion-clearfix\"><\/div>\n\t\t\t<\/div>\n\t\t<\/div><div  class=\"fusion-layout-column fusion_builder_column fusion_builder_column_1_4  fusion-one-fourth fusion-column-first 1_4\"  style='margin-top:0px;margin-bottom:20px;width:25%;width:calc(25% - ( ( 4% + 4% + 4% ) * 0.25 ) );margin-right: 4%;'>\n\t\t\t<div class=\"fusion-column-wrapper\"  style=\"background-position:left top;background-repeat:no-repeat;-webkit-background-size:cover;-moz-background-size:cover;-o-background-size:cover;background-size:cover;\"  data-bg-url=\"\">\n\t\t\t\t<div class=\"fusion-clearfix\"><\/div>\n\t\t\t<\/div>\n\t\t<\/div><div  class=\"fusion-layout-column fusion_builder_column fusion_builder_column_1_4  fusion-one-fourth 1_4\"  style='margin-top:0px;margin-bottom:20px;width:25%;width:calc(25% - ( ( 4% + 4% + 4% ) * 0.25 ) );margin-right: 4%;'>\n\t\t\t<div class=\"fusion-column-wrapper\"  style=\"background-position:left top;background-repeat:no-repeat;-webkit-background-size:cover;-moz-background-size:cover;-o-background-size:cover;background-size:cover;\"  data-bg-url=\"\">\n\t\t\t\t<div class=\"imageframe-align-center\"><span class=\"fusion-imageframe imageframe-none imageframe-4 hover-type-none\"><img loading=\"lazy\" src=\"http:\/\/www.nanogetic.com\/wp-content\/uploads\/2016\/12\/logo_fidia.png\" width=\"\" height=\"\" alt=\"\" title=\"\" class=\"img-responsive\"\/><\/span><\/div><h3 style=\"text-align: center;\"><a href=\"http:\/\/www.fidiapharma.com\/en\/\" target=\"_blank\" rel=\"noopener\">FIDIA FARMACEUTICI S.P.A<\/a><\/h3>\n<div class=\"fusion-clearfix\"><\/div>\n\t\t\t<\/div>\n\t\t<\/div><div  class=\"fusion-layout-column fusion_builder_column fusion_builder_column_1_4  fusion-one-fourth 1_4\"  style='margin-top:0px;margin-bottom:20px;width:25%;width:calc(25% - ( ( 4% + 4% + 4% ) * 0.25 ) );margin-right: 4%;'>\n\t\t\t<div class=\"fusion-column-wrapper\"  style=\"background-position:left top;background-repeat:no-repeat;-webkit-background-size:cover;-moz-background-size:cover;-o-background-size:cover;background-size:cover;\"  data-bg-url=\"\">\n\t\t\t\t<div class=\"imageframe-align-center\"><span class=\"fusion-imageframe imageframe-none imageframe-5 hover-type-none\"><img loading=\"lazy\" src=\"http:\/\/www.nanogetic.com\/wp-content\/uploads\/2016\/12\/Captura-de-pantalla-2016-04-08-a-las-10.12.28.jpg\" width=\"\" height=\"\" alt=\"\" title=\"\" class=\"img-responsive\"\/><\/span><\/div><h3 style=\"text-align: center;\"><a href=\"http:\/\/www.ikerlatpolymers.es\/?lang=es\" target=\"_blank\" rel=\"noopener\">Ikerlat polymers<\/a><\/h3>\n<div class=\"fusion-clearfix\"><\/div>\n\t\t\t<\/div>\n\t\t<\/div><div  class=\"fusion-layout-column fusion_builder_column fusion_builder_column_1_4  fusion-one-fourth fusion-column-last 1_4\"  style='margin-top:0px;margin-bottom:20px;width:25%;width:calc(25% - ( ( 4% + 4% + 4% ) * 0.25 ) );'>\n\t\t\t<div class=\"fusion-column-wrapper\"  style=\"background-position:left top;background-repeat:no-repeat;-webkit-background-size:cover;-moz-background-size:cover;-o-background-size:cover;background-size:cover;\"  data-bg-url=\"\">\n\t\t\t\t<div class=\"fusion-clearfix\"><\/div>\n\t\t\t<\/div>\n\t\t<\/div><div  class=\"fusion-layout-column fusion_builder_column fusion_builder_column_1_1  fusion-one-full fusion-column-first fusion-column-last 1_1\"  style='margin-top:0px;margin-bottom:20px;'>\n\t\t\t<div class=\"fusion-column-wrapper\"  style=\"background-position:left top;background-repeat:no-repeat;-webkit-background-size:cover;-moz-background-size:cover;-o-background-size:cover;background-size:cover;\"  data-bg-url=\"\">\n\t\t\t\t<div class=\"column one column_column\">\n<div class=\"column one column_column\">\n<h3 align=\"center\">Colaboraciones acad\u00e9micas<\/h3>\n<\/div>\n<h3 class=\"column one column_clients\"><\/h3>\n<\/div>\n<div class=\"column one-fourth column_column\"><\/div>\n<div class=\"column one-fourth column_article_box\"><\/div>\n<div class=\"fusion-builder-row fusion-builder-row-inner fusion-row \"><div  class=\"fusion-layout-column fusion-builder-column fusion-builder-column-1_4  fusion-one-fourth fusion-column-first fusion-one-fourth fusion-column-first 1_4\"  style='margin-top: 0px;margin-bottom: 20px;width:25%;width:calc(25% - ( ( 4% + 4% + 4% ) * 0.25 ) );margin-right:4%;'>\n\t\t\t<div class=\"fusion-column-wrapper\"  style=\"background-position: left top;background-repeat: no-repeat;-webkit-background-size:cover;-moz-background-size:cover;-o-background-size:cover;background-size:cover;\">\n\t\t\t\t<div class=\"imageframe-align-center\"><span class=\"fusion-imageframe imageframe-none imageframe-6 hover-type-none\"><a class=\"fusion-no-lightbox\" href=\"http:\/\/www.ugr.es\/en\/\" target=\"_blank\" rel=\"noopener noreferrer\"><img loading=\"lazy\" src=\"http:\/\/www.nanogetic.com\/wp-content\/uploads\/2016\/12\/univgranada1.png\" width=\"\" height=\"\" alt=\"\" class=\"img-responsive\"\/><\/a><\/span><\/div>\n\t\t\t<\/div>\n\t\t<\/div><div  class=\"fusion-layout-column fusion-builder-column fusion-builder-column-1_4  fusion-one-fourth fusion-one-fourth 1_4\"  style='margin-top: 0px;margin-bottom: 20px;width:25%;width:calc(25% - ( ( 4% + 4% + 4% ) * 0.25 ) );margin-right:4%;'>\n\t\t\t<div class=\"fusion-column-wrapper\"  style=\"background-position: left top;background-repeat: no-repeat;-webkit-background-size:cover;-moz-background-size:cover;-o-background-size:cover;background-size:cover;\">\n\t\t\t\t<div class=\"imageframe-align-center\"><span class=\"fusion-imageframe imageframe-none imageframe-7 hover-type-none\"><a class=\"fusion-no-lightbox\" href=\"http:\/\/www.genyo.es\/en\" target=\"_blank\" rel=\"noopener noreferrer\"><img loading=\"lazy\" src=\"http:\/\/www.nanogetic.com\/wp-content\/uploads\/2016\/12\/genyo1.png\" width=\"\" height=\"\" alt=\"\" class=\"img-responsive\"\/><\/a><\/span><\/div>\n\t\t\t<\/div>\n\t\t<\/div><div  class=\"fusion-layout-column fusion-builder-column fusion-builder-column-1_4  fusion-one-fourth fusion-one-fourth 1_4\"  style='margin-top: 0px;margin-bottom: 20px;width:25%;width:calc(25% - ( ( 4% + 4% + 4% ) * 0.25 ) );margin-right:4%;'>\n\t\t\t<div class=\"fusion-column-wrapper\"  style=\"background-position: left top;background-repeat: no-repeat;-webkit-background-size:cover;-moz-background-size:cover;-o-background-size:cover;background-size:cover;\">\n\t\t\t\t<div class=\"imageframe-align-center\"><span class=\"fusion-imageframe imageframe-none imageframe-8 hover-type-none\"><a class=\"fusion-no-lightbox\" href=\"http:\/\/www.unifi.it\/changelang-eng.html\" target=\"_blank\" rel=\"noopener noreferrer\"><img loading=\"lazy\" src=\"http:\/\/www.nanogetic.com\/wp-content\/uploads\/2016\/12\/univflorencia.png\" width=\"\" height=\"\" alt=\"\" class=\"img-responsive\"\/><\/a><\/span><\/div>\n\t\t\t<\/div>\n\t\t<\/div><div  class=\"fusion-layout-column fusion-builder-column fusion-builder-column-1_4  fusion-one-fourth fusion-column-last fusion-one-fourth fusion-column-last 1_4\"  style='margin-top: 0px;margin-bottom: 20px;width:25%;width:calc(25% - ( ( 4% + 4% + 4% ) * 0.25 ) );'>\n\t\t\t<div class=\"fusion-column-wrapper\"  style=\"background-position: left top;background-repeat: no-repeat;-webkit-background-size:cover;-moz-background-size:cover;-o-background-size:cover;background-size:cover;\">\n\t\t\t\t<div class=\"imageframe-align-center\"><span class=\"fusion-imageframe imageframe-none imageframe-9 hover-type-none\"><a class=\"fusion-no-lightbox\" href=\"http:\/\/www.unict.it\/en\/\" target=\"_blank\" rel=\"noopener noreferrer\"><img loading=\"lazy\" src=\"http:\/\/www.nanogetic.com\/wp-content\/uploads\/2016\/12\/univcatania1.png\" width=\"\" height=\"\" alt=\"\" class=\"img-responsive\"\/><\/a><\/span><\/div>\n\t\t\t<\/div>\n\t\t<\/div><\/div><div class=\"fusion-clearfix\"><\/div>\n\t\t\t<\/div>\n\t\t<\/div><\/div><\/div><\/p>\n","protected":false},"excerpt":{"rendered":"","protected":false},"author":1,"featured_media":0,"parent":0,"menu_order":0,"comment_status":"closed","ping_status":"closed","template":"100-width.php","meta":[],"_links":{"self":[{"href":"https:\/\/nanogetic.com\/es\/wp-json\/wp\/v2\/pages\/1149"}],"collection":[{"href":"https:\/\/nanogetic.com\/es\/wp-json\/wp\/v2\/pages"}],"about":[{"href":"https:\/\/nanogetic.com\/es\/wp-json\/wp\/v2\/types\/page"}],"author":[{"embeddable":true,"href":"https:\/\/nanogetic.com\/es\/wp-json\/wp\/v2\/users\/1"}],"replies":[{"embeddable":true,"href":"https:\/\/nanogetic.com\/es\/wp-json\/wp\/v2\/comments?post=1149"}],"version-history":[{"count":5,"href":"https:\/\/nanogetic.com\/es\/wp-json\/wp\/v2\/pages\/1149\/revisions"}],"predecessor-version":[{"id":1314,"href":"https:\/\/nanogetic.com\/es\/wp-json\/wp\/v2\/pages\/1149\/revisions\/1314"}],"wp:attachment":[{"href":"https:\/\/nanogetic.com\/es\/wp-json\/wp\/v2\/media?parent=1149"}],"curies":[{"name":"wp","href":"https:\/\/api.w.org\/{rel}","templated":true}]}}