{"id":1153,"date":"2017-01-25T09:30:39","date_gmt":"2017-01-25T09:30:39","guid":{"rendered":"http:\/\/www.nanogetic.com\/?page_id=1153\/"},"modified":"2017-01-25T09:30:39","modified_gmt":"2017-01-25T09:30:39","slug":"noticias","status":"publish","type":"page","link":"https:\/\/nanogetic.com\/es\/noticias\/","title":{"rendered":"NOTICIAS"},"content":{"rendered":"<div  class=\"fusion-fullwidth fullwidth-box nonhundred-percent-fullwidth\"  style='background-color: rgba(255,255,255,0);background-position: center center;background-repeat: no-repeat;padding-top:20px;padding-right:0px;padding-bottom:20px;padding-left:0px;'><div class=\"fusion-builder-row fusion-row \"><div  class=\"fusion-layout-column fusion_builder_column fusion_builder_column_1_6  fusion-one-sixth fusion-column-first 1_6\"  style='margin-top:0px;margin-bottom:20px;width:16.66%;width:calc(16.66% - ( ( 4% + 4% ) * 0.1666 ) );margin-right: 4%;'>\n\t\t\t<div class=\"fusion-column-wrapper\"  style=\"background-position:left top;background-repeat:no-repeat;-webkit-background-size:cover;-moz-background-size:cover;-o-background-size:cover;background-size:cover;\"  data-bg-url=\"\">\n\t\t\t\t<div class=\"fusion-clearfix\"><\/div>\n\t\t\t<\/div>\n\t\t<\/div><div  class=\"fusion-layout-column fusion_builder_column fusion_builder_column_2_3  fusion-two-third 2_3\"  style='margin-top:0px;margin-bottom:20px;width:66.66%;width:calc(66.66% - ( ( 4% + 4% ) * 0.6666 ) );margin-right: 4%;'>\n\t\t\t<div class=\"fusion-column-wrapper\"  style=\"background-position:left top;background-repeat:no-repeat;-webkit-background-size:cover;-moz-background-size:cover;-o-background-size:cover;background-size:cover;\"  data-bg-url=\"\">\n\t\t\t\t<div class=\"fusion-blog-shortcode fusion-blog-shortcode-1 fusion-blog-archive fusion-blog-layout-medium-alternate fusion-blog-pagination\"><div class=\"fusion-posts-container fusion-posts-container-pagination\" data-pages=\"3\"><article id=\"post-1416\" class=\"fusion-post-medium-alternate post-1416 post type-post status-publish format-standard hentry category-sin-categorizar\">\n<div class=\"fusion-date-and-formats\"><div class=\"fusion-date-box updated\"><span class=\"fusion-date\">26<\/span><span class=\"fusion-month-year\">03, 2024<\/span><\/div><div class=\"fusion-format-box\"><i class=\"fusion-icon-pen\"><\/i><\/div><\/div>\n\t<style type=\"text\/css\">\n\t\t\n\t\t\n\t\t\n\t\t\n\t\t\t<\/style>\n\n\n<div class=\"fusion-post-content post-content\"><h2 class=\"blog-shortcode-post-title entry-title\"><a href=\"https:\/\/nanogetic.com\/es\/phd-student-position-within-the-cocogel-project-framework-dc11\/\">PHD STUDENT POSITION WITHIN THE COCOGEL PROJECT FRAMEWORK (DC11)<\/a><\/h2><p class=\"fusion-single-line-meta\">By <span class=\"vcard\"><span class=\"fn\"><a href=\"https:\/\/nanogetic.com\/es\/author\/rosella\/\" title=\"Entradas de Rossella Naselli\" rel=\"author\">Rossella Naselli<\/a><\/span><\/span><span class=\"fusion-inline-sep\">|<\/span>\n\t\n\t\n\t\t\t<span class=\"updated\" style=\"display:none;\">\n\t\t\t2024-03-26T18:57:28+00:00\t\t<\/span>\n\t\n<span>marzo 26th, 2024<\/span><span class=\"fusion-inline-sep\">|<\/span>Categories: <a href=\"https:\/\/nanogetic.com\/es\/category\/sin-categorizar\/\" rel=\"category tag\">Sin categorizar<\/a><span class=\"fusion-inline-sep\">|<\/span><span class=\"fusion-comments\"><a href=\"https:\/\/nanogetic.com\/es\/phd-student-position-within-the-cocogel-project-framework-dc11\/#respond\">Sin comentarios<\/a><\/span><\/p><div class=\"fusion-post-content-container\"><p>Tuning model colloidal gels by external magnetic fields. Aplicaciones en el Tratamiento del C\u00e1ncer Horizon Europe, Marie Sklodowska-Curie Doctoral Networks \u2013 Industrial Doctorates (DN-ID) El proyecto de doctorado es parte de la EU Doctoral Network [...]<\/p><\/div><\/div><div class=\"fusion-clearfix\"><\/div><div class=\"fusion-meta-info\"><div class=\"fusion-alignright\"><a class=\"fusion-read-more\" href=\"https:\/\/nanogetic.com\/es\/phd-student-position-within-the-cocogel-project-framework-dc11\/\">Read More<\/a><\/div><\/div><\/article>\n<article id=\"post-1393\" class=\"fusion-post-medium-alternate post-1393 post type-post status-publish format-standard hentry category-sin-categorizar\">\n<div class=\"fusion-date-and-formats\"><div class=\"fusion-date-box updated\"><span class=\"fusion-date\">22<\/span><span class=\"fusion-month-year\">12, 2023<\/span><\/div><div class=\"fusion-format-box\"><i class=\"fusion-icon-pen\"><\/i><\/div><\/div>\n\t<style type=\"text\/css\">\n\t\t\n\t\t\n\t\t\n\t\t\n\t\t\t<\/style>\n\n\n<div class=\"fusion-post-content post-content\"><h2 class=\"blog-shortcode-post-title entry-title\"><a href=\"https:\/\/nanogetic.com\/es\/controlling-colloidal-gels-for-novel-sustainable-materials\/\">Controlling Colloidal Gels for Novel Sustainable Materials<\/a><\/h2><p class=\"fusion-single-line-meta\">By <span class=\"vcard\"><span class=\"fn\"><a href=\"https:\/\/nanogetic.com\/es\/author\/rosella\/\" title=\"Entradas de Rossella Naselli\" rel=\"author\">Rossella Naselli<\/a><\/span><\/span><span class=\"fusion-inline-sep\">|<\/span>\n\t\n\t\n\t\t\t<span class=\"updated\" style=\"display:none;\">\n\t\t\t2024-03-26T14:18:07+00:00\t\t<\/span>\n\t\n<span>diciembre 22nd, 2023<\/span><span class=\"fusion-inline-sep\">|<\/span>Categories: <a href=\"https:\/\/nanogetic.com\/es\/category\/sin-categorizar\/\" rel=\"category tag\">Sin categorizar<\/a><span class=\"fusion-inline-sep\">|<\/span><span class=\"fusion-comments\"><a href=\"https:\/\/nanogetic.com\/es\/controlling-colloidal-gels-for-novel-sustainable-materials\/#respond\">Sin comentarios<\/a><\/span><\/p><div class=\"fusion-post-content-container\"><p>Nanogetic contribuye con orgullo a CoCoGel Industrial Doctoral Network, una iniciativa innovadora respaldada por financiaci\u00f3n del Programa Marco Horizon Europa (HORIZON) de la Uni\u00f3n Europea bajo el Acuerdo de Subvenci\u00f3n Marie Sklodowska-Curie. CoCoGel abrir\u00e1 nuevas [...]<\/p><\/div><\/div><div class=\"fusion-clearfix\"><\/div><div class=\"fusion-meta-info\"><div class=\"fusion-alignright\"><a class=\"fusion-read-more\" href=\"https:\/\/nanogetic.com\/es\/controlling-colloidal-gels-for-novel-sustainable-materials\/\">Read More<\/a><\/div><\/div><\/article>\n<article id=\"post-1378\" class=\"fusion-post-medium-alternate post-1378 post type-post status-publish format-standard hentry category-noticias\">\n<div class=\"fusion-date-and-formats\"><div class=\"fusion-date-box updated\"><span class=\"fusion-date\">28<\/span><span class=\"fusion-month-year\">09, 2021<\/span><\/div><div class=\"fusion-format-box\"><i class=\"fusion-icon-pen\"><\/i><\/div><\/div>\n\t<style type=\"text\/css\">\n\t\t\n\t\t\n\t\t\n\t\t\n\t\t\t<\/style>\n\n\n<div class=\"fusion-post-content post-content\"><h2 class=\"blog-shortcode-post-title entry-title\"><a href=\"https:\/\/nanogetic.com\/es\/nuestro-h2020-msca-rise-diarnagnosis-fue-presentado-en-el-european-researchers-night-en-granada\/\">Nuestro H2020-MSCA-RISE \u00abdiaRNAgnosis\u00bb fue presentado en el European Researchers Night en Granada<\/a><\/h2><p class=\"fusion-single-line-meta\">By <span class=\"vcard\"><span class=\"fn\"><a href=\"https:\/\/nanogetic.com\/es\/author\/rosella\/\" title=\"Entradas de Rossella Naselli\" rel=\"author\">Rossella Naselli<\/a><\/span><\/span><span class=\"fusion-inline-sep\">|<\/span>\n\t\n\t\n\t\t\t<span class=\"updated\" style=\"display:none;\">\n\t\t\t2021-11-25T13:28:15+00:00\t\t<\/span>\n\t\n<span>septiembre 28th, 2021<\/span><span class=\"fusion-inline-sep\">|<\/span>Categories: <a href=\"https:\/\/nanogetic.com\/es\/category\/noticias\/\" rel=\"category tag\">Noticias<\/a><span class=\"fusion-inline-sep\">|<\/span><span class=\"fusion-comments\"><a href=\"https:\/\/nanogetic.com\/es\/nuestro-h2020-msca-rise-diarnagnosis-fue-presentado-en-el-european-researchers-night-en-granada\/#respond\">Sin comentarios<\/a><\/span><\/p><div class=\"fusion-post-content-container\"><\/div><\/div><div class=\"fusion-clearfix\"><\/div><div class=\"fusion-meta-info\"><div class=\"fusion-alignright\"><a class=\"fusion-read-more\" href=\"https:\/\/nanogetic.com\/es\/nuestro-h2020-msca-rise-diarnagnosis-fue-presentado-en-el-european-researchers-night-en-granada\/\">Read More<\/a><\/div><\/div><\/article>\n<article id=\"post-1376\" class=\"fusion-post-medium-alternate post-1376 post type-post status-publish format-standard hentry category-noticias\">\n<div class=\"fusion-date-and-formats\"><div class=\"fusion-date-box updated\"><span class=\"fusion-date\">5<\/span><span class=\"fusion-month-year\">09, 2021<\/span><\/div><div class=\"fusion-format-box\"><i class=\"fusion-icon-pen\"><\/i><\/div><\/div>\n\t<style type=\"text\/css\">\n\t\t\n\t\t\n\t\t\n\t\t\n\t\t\t<\/style>\n\n\n<div class=\"fusion-post-content post-content\"><h2 class=\"blog-shortcode-post-title entry-title\"><a href=\"https:\/\/nanogetic.com\/es\/nanogetic-sl-es-parte-de-acexhealth-2021-granada\/\">NanoGetic SL es parte de AcexHealth 2021 (Granada)<\/a><\/h2><p class=\"fusion-single-line-meta\">By <span class=\"vcard\"><span class=\"fn\"><a href=\"https:\/\/nanogetic.com\/es\/author\/rosella\/\" title=\"Entradas de Rossella Naselli\" rel=\"author\">Rossella Naselli<\/a><\/span><\/span><span class=\"fusion-inline-sep\">|<\/span>\n\t\n\t\n\t\t\t<span class=\"updated\" style=\"display:none;\">\n\t\t\t2021-11-25T13:25:40+00:00\t\t<\/span>\n\t\n<span>septiembre 5th, 2021<\/span><span class=\"fusion-inline-sep\">|<\/span>Categories: <a href=\"https:\/\/nanogetic.com\/es\/category\/noticias\/\" rel=\"category tag\">Noticias<\/a><span class=\"fusion-inline-sep\">|<\/span><span class=\"fusion-comments\"><a href=\"https:\/\/nanogetic.com\/es\/nanogetic-sl-es-parte-de-acexhealth-2021-granada\/#respond\">Sin comentarios<\/a><\/span><\/p><div class=\"fusion-post-content-container\"><p>NanoGetic SL fue seleccionada para participar en el programa AcexHealth, aceleradora de empresas especializada en salud. El programa se inici\u00f3 en septiembre y se llevar\u00e1 a cabo en el \u00faltimo trimestre de 2021. En el [...]<\/p><\/div><\/div><div class=\"fusion-clearfix\"><\/div><div class=\"fusion-meta-info\"><div class=\"fusion-alignright\"><a class=\"fusion-read-more\" href=\"https:\/\/nanogetic.com\/es\/nanogetic-sl-es-parte-de-acexhealth-2021-granada\/\">Read More<\/a><\/div><\/div><\/article>\n<article id=\"post-1374\" class=\"fusion-post-medium-alternate post-1374 post type-post status-publish format-standard hentry category-noticias\">\n<div class=\"fusion-date-and-formats\"><div class=\"fusion-date-box updated\"><span class=\"fusion-date\">22<\/span><span class=\"fusion-month-year\">01, 2021<\/span><\/div><div class=\"fusion-format-box\"><i class=\"fusion-icon-pen\"><\/i><\/div><\/div>\n\t<style type=\"text\/css\">\n\t\t\n\t\t\n\t\t\n\t\t\n\t\t\t<\/style>\n\n\n<div class=\"fusion-post-content post-content\"><h2 class=\"blog-shortcode-post-title entry-title\"><a href=\"https:\/\/nanogetic.com\/es\/diarnagnosis-nueva-plataforma-para-un-diagnostico-y-estadificacion-precisos-del-cancer-con-biopsia-liquida\/\">diaRNAgnosis &#8211; Nueva plataforma para un diagn\u00f3stico y estadificaci\u00f3n precisos del c\u00e1ncer con &#8216;biopsia l\u00edquida&#8217;<\/a><\/h2><p class=\"fusion-single-line-meta\">By <span class=\"vcard\"><span class=\"fn\"><a href=\"https:\/\/nanogetic.com\/es\/author\/rosella\/\" title=\"Entradas de Rossella Naselli\" rel=\"author\">Rossella Naselli<\/a><\/span><\/span><span class=\"fusion-inline-sep\">|<\/span>\n\t\n\t\n\t\t\t<span class=\"updated\" style=\"display:none;\">\n\t\t\t2025-10-10T16:37:24+00:00\t\t<\/span>\n\t\n<span>enero 22nd, 2021<\/span><span class=\"fusion-inline-sep\">|<\/span>Categories: <a href=\"https:\/\/nanogetic.com\/es\/category\/noticias\/\" rel=\"category tag\">Noticias<\/a><span class=\"fusion-inline-sep\">|<\/span><span class=\"fusion-comments\"><a href=\"https:\/\/nanogetic.com\/es\/diarnagnosis-nueva-plataforma-para-un-diagnostico-y-estadificacion-precisos-del-cancer-con-biopsia-liquida\/#respond\">Sin comentarios<\/a><\/span><\/p><div class=\"fusion-post-content-container\"><p>La empresa se complace en anunciar el inicio de un nuevo proyecto europeo colaborativo \u201cdiaRNAgnosis\u201d. En el marco del proyecto, NanoGetic SL se unir\u00e1 a otra empresa espa\u00f1ola DESTINA Genomica SL y a la empresa [...]<\/p><\/div><\/div><div class=\"fusion-clearfix\"><\/div><div class=\"fusion-meta-info\"><div class=\"fusion-alignright\"><a class=\"fusion-read-more\" href=\"https:\/\/nanogetic.com\/es\/diarnagnosis-nueva-plataforma-para-un-diagnostico-y-estadificacion-precisos-del-cancer-con-biopsia-liquida\/\">Read More<\/a><\/div><\/div><\/article>\n<article id=\"post-1109\" class=\"fusion-post-medium-alternate post-1109 post type-post status-publish format-standard hentry category-publicaciones\">\n<div class=\"fusion-date-and-formats\"><div class=\"fusion-date-box updated\"><span class=\"fusion-date\">24<\/span><span class=\"fusion-month-year\">01, 2017<\/span><\/div><div class=\"fusion-format-box\"><i class=\"fusion-icon-pen\"><\/i><\/div><\/div>\n\t<style type=\"text\/css\">\n\t\t\n\t\t\n\t\t\n\t\t\n\t\t\t<\/style>\n\n\n<div class=\"fusion-post-content post-content\"><h2 class=\"blog-shortcode-post-title entry-title\"><a href=\"https:\/\/nanogetic.com\/es\/articulo-especial-sobre-nanogetic-research-published-in-cuaderno-de-cultura-cientifica\/\">Gran art\u00edculo sobre la investigaci\u00f3n de NanoGetic publicada en el \u00abCuaderno de Cultura Cient\u00edfica\u00bb<\/a><\/h2><p class=\"fusion-single-line-meta\">By <span class=\"vcard\"><span class=\"fn\"><a href=\"https:\/\/nanogetic.com\/es\/author\/adminon\/\" title=\"Entradas de adminon\" rel=\"author\">adminon<\/a><\/span><\/span><span class=\"fusion-inline-sep\">|<\/span>\n\t\n\t\n\t\t\t<span class=\"updated\" style=\"display:none;\">\n\t\t\t2021-11-25T13:06:10+00:00\t\t<\/span>\n\t\n<span>enero 24th, 2017<\/span><span class=\"fusion-inline-sep\">|<\/span>Categories: <a href=\"https:\/\/nanogetic.com\/es\/category\/publicaciones\/\" rel=\"category tag\">Publicaciones<\/a><span class=\"fusion-inline-sep\">|<\/span><span class=\"fusion-comments\"><a href=\"https:\/\/nanogetic.com\/es\/articulo-especial-sobre-nanogetic-research-published-in-cuaderno-de-cultura-cientifica\/#respond\">Sin comentarios<\/a><\/span><\/p><div class=\"fusion-post-content-container\"><p>Cuaderno de Cultura Cient\u00edfica Luchando contra el c\u00e1ncer con nanotecnolog\u00eda\u2026 y camellos.<\/p><\/div><\/div><div class=\"fusion-clearfix\"><\/div><div class=\"fusion-meta-info\"><div class=\"fusion-alignright\"><a class=\"fusion-read-more\" href=\"https:\/\/nanogetic.com\/es\/articulo-especial-sobre-nanogetic-research-published-in-cuaderno-de-cultura-cientifica\/\">Read More<\/a><\/div><\/div><\/article>\n<\/div>\n\t\t\t\t\t\t\t\t\t<div class='pagination clearfix'>\n\t\t\t\n\t\t\t\n\t\t\t\t\t\t\t\t\t\t\t\t\t\t\t\t\t\t<span class=\"current\">1<\/span>\n\t\t\t\t\t\t\t\t\t\t\t\t\t\t\t\t\t\t\t\t\t\t\t\t\t\t\t<a href=\"https:\/\/nanogetic.com\/es\/wp-json\/wp\/v2\/pages\/1153\/page\/2\/\" class=\"inactive\">2<\/a>\n\t\t\t\t\t\t\t\t\t\t\t\t\t\t\t\t\t\t\t\t\t\t\t\t\t\t\t<a href=\"https:\/\/nanogetic.com\/es\/wp-json\/wp\/v2\/pages\/1153\/page\/3\/\" class=\"inactive\">3<\/a>\n\t\t\t\t\t\t\t\t\t\t\t\t\n\t\t\t\t\t\t\t<a class=\"pagination-next\" href=\"https:\/\/nanogetic.com\/es\/wp-json\/wp\/v2\/pages\/1153\/page\/2\/\">\n\t\t\t\t\t<span class=\"page-text\">Siguiente<\/span>\n\t\t\t\t\t<span class=\"page-next\"><\/span>\n\t\t\t\t<\/a>\n\t\t\t\n\t\t\t<\/div>\n\t\t\t\t\t<\/div><div class=\"fusion-clearfix\"><\/div>\n\t\t\t<\/div>\n\t\t<\/div><div  class=\"fusion-layout-column fusion_builder_column fusion_builder_column_1_6  fusion-one-sixth fusion-column-first 1_6\"  style='margin-top:0px;margin-bottom:20px;width:13.3333%; margin-right: 4%;'>\n\t\t\t<div class=\"fusion-column-wrapper\"  style=\"background-position:left top;background-repeat:no-repeat;-webkit-background-size:cover;-moz-background-size:cover;-o-background-size:cover;background-size:cover;\"  data-bg-url=\"\">\n\t\t\t\t<div class=\"fusion-clearfix\"><\/div>\n\t\t\t<\/div>\n\t\t<\/div><\/div><\/div>\n","protected":false},"excerpt":{"rendered":"","protected":false},"author":1,"featured_media":0,"parent":0,"menu_order":0,"comment_status":"closed","ping_status":"closed","template":"","meta":[],"_links":{"self":[{"href":"https:\/\/nanogetic.com\/es\/wp-json\/wp\/v2\/pages\/1153"}],"collection":[{"href":"https:\/\/nanogetic.com\/es\/wp-json\/wp\/v2\/pages"}],"about":[{"href":"https:\/\/nanogetic.com\/es\/wp-json\/wp\/v2\/types\/page"}],"author":[{"embeddable":true,"href":"https:\/\/nanogetic.com\/es\/wp-json\/wp\/v2\/users\/1"}],"replies":[{"embeddable":true,"href":"https:\/\/nanogetic.com\/es\/wp-json\/wp\/v2\/comments?post=1153"}],"version-history":[{"count":1,"href":"https:\/\/nanogetic.com\/es\/wp-json\/wp\/v2\/pages\/1153\/revisions"}],"predecessor-version":[{"id":1154,"href":"https:\/\/nanogetic.com\/es\/wp-json\/wp\/v2\/pages\/1153\/revisions\/1154"}],"wp:attachment":[{"href":"https:\/\/nanogetic.com\/es\/wp-json\/wp\/v2\/media?parent=1153"}],"curies":[{"name":"wp","href":"https:\/\/api.w.org\/{rel}","templated":true}]}}